{"id":9,"date":"2023-08-28T15:56:30","date_gmt":"2023-08-28T20:56:30","guid":{"rendered":"http:\/\/subacua.produccion.gob.ec\/?page_id=9"},"modified":"2024-08-26T15:41:48","modified_gmt":"2024-08-26T20:41:48","slug":"subsecretaria-de-acuacultura","status":"publish","type":"page","link":"http:\/\/subacua.produccion.gob.ec\/","title":{"rendered":"Subsecretar\u00eda de Acuacultura"},"content":{"rendered":"<p>[et_pb_section fb_built=&#8221;1&#8243; _builder_version=&#8221;4.21.0&#8243; _module_preset=&#8221;default&#8221; global_colors_info=&#8221;{}&#8221;][et_pb_row _builder_version=&#8221;4.21.0&#8243; _module_preset=&#8221;default&#8221; global_colors_info=&#8221;{}&#8221;][et_pb_column type=&#8221;4_4&#8243; _builder_version=&#8221;4.21.0&#8243; _module_preset=&#8221;default&#8221; global_colors_info=&#8221;{}&#8221;][et_pb_text _builder_version=&#8221;4.21.0&#8243; _module_preset=&#8221;default&#8221; header_2_font=&#8221;|800|||||||&#8221; header_2_text_align=&#8221;center&#8221; header_2_text_color=&#8221;#193BA0&#8243; header_2_font_size=&#8221;40px&#8221; custom_padding=&#8221;0px||0px||true|false&#8221; global_colors_info=&#8221;{}&#8221;]<\/p>\n<h2>Documentaci\u00f3n de Inter\u00e9s<\/h2>\n<p>[\/et_pb_text][et_pb_divider color=&#8221;#193BA0&#8243; divider_position=&#8221;center&#8221; divider_weight=&#8221;5px&#8221; _builder_version=&#8221;4.21.0&#8243; _module_preset=&#8221;default&#8221; width=&#8221;5%&#8221; module_alignment=&#8221;center&#8221; custom_padding=&#8221;0px||0px||true|false&#8221; global_colors_info=&#8221;{}&#8221;][\/et_pb_divider][et_pb_text _builder_version=&#8221;4.21.0&#8243; _module_preset=&#8221;default&#8221; text_font=&#8221;|700|||||||&#8221; text_font_size=&#8221;18px&#8221; text_line_height=&#8221;0.5em&#8221; header_2_font=&#8221;|800|||||||&#8221; header_2_text_align=&#8221;center&#8221; header_2_text_color=&#8221;#193BA0&#8243; header_2_font_size=&#8221;40px&#8221; text_orientation=&#8221;center&#8221; global_colors_info=&#8221;{}&#8221;]<\/p>\n<p>Tr\u00e1mites y procesos de acceso r\u00e1pido para su conveniencia.<\/p>\n<p>[\/et_pb_text][\/et_pb_column][\/et_pb_row][et_pb_row column_structure=&#8221;1_4,1_4,1_4,1_4&#8243; _builder_version=&#8221;4.21.0&#8243; _module_preset=&#8221;default&#8221; global_colors_info=&#8221;{}&#8221;][et_pb_column type=&#8221;1_4&#8243; _builder_version=&#8221;4.21.0&#8243; _module_preset=&#8221;default&#8221; global_colors_info=&#8221;{}&#8221;][et_pb_blurb title=&#8221;Listados Oficiales&#8221; url=&#8221;http:\/\/subacua.produccion.gob.ec\/?page_id=263&#8243; use_icon=&#8221;on&#8221; font_icon=&#8221;&#xf022;||fa||400&#8243; icon_color=&#8221;#E09900&#8243; image_icon_background_color=&#8221;#FFFFFF&#8221; _builder_version=&#8221;4.21.0&#8243; _module_preset=&#8221;default&#8221; header_font=&#8221;|700|||||||&#8221; header_text_align=&#8221;center&#8221; header_text_color=&#8221;#193BA0&#8243; body_text_align=&#8221;center&#8221; custom_padding=&#8221;||0px|||&#8221; link_option_url=&#8221;http:\/\/subacua.produccion.gob.ec\/?page_id=263&#8243; border_radii_image=&#8221;on|50px|50px|50px|50px&#8221; global_colors_info=&#8221;{}&#8221;]<\/p>\n<p>Actividades acu\u00edcolas<\/p>\n<p>[\/et_pb_blurb][\/et_pb_column][et_pb_column type=&#8221;1_4&#8243; _builder_version=&#8221;4.21.0&#8243; _module_preset=&#8221;default&#8221; global_colors_info=&#8221;{}&#8221;][et_pb_blurb title=&#8221;Normativas&#8221; use_icon=&#8221;on&#8221; font_icon=&#8221;&#xe0e6;||divi||400&#8243; icon_color=&#8221;#E09900&#8243; image_icon_background_color=&#8221;#FFFFFF&#8221; _builder_version=&#8221;4.21.0&#8243; _module_preset=&#8221;default&#8221; header_font=&#8221;|700|||||||&#8221; header_text_align=&#8221;center&#8221; header_text_color=&#8221;#193BA0&#8243; body_text_align=&#8221;center&#8221; link_option_url=&#8221;http:\/\/subacua.produccion.gob.ec\/?page_id=29&#8243; border_radii_image=&#8221;on|50px|50px|50px|50px&#8221; global_colors_info=&#8221;{}&#8221;]<\/p>\n<p>Pol\u00edticas, estrategias y normativas t\u00e9cnicas para el ordenamiento y desarrollo de la actividad acu\u00edcola, en todas sus fases y sus actividades conexas<\/p>\n<p>[\/et_pb_blurb][\/et_pb_column][et_pb_column type=&#8221;1_4&#8243; _builder_version=&#8221;4.21.0&#8243; _module_preset=&#8221;default&#8221; global_colors_info=&#8221;{}&#8221;][et_pb_blurb title=&#8221;Gu\u00edas Instructivos&#8221; url=&#8221;http:\/\/subacua.produccion.gob.ec\/?page_id=319&#8243; url_new_window=&#8221;on&#8221; use_icon=&#8221;on&#8221; font_icon=&#8221;&#xe101;||divi||400&#8243; icon_color=&#8221;#193BA0&#8243; image_icon_background_color=&#8221;#FFFFFF&#8221; _builder_version=&#8221;4.25.0&#8243; _module_preset=&#8221;default&#8221; header_font=&#8221;|700|||||||&#8221; header_text_align=&#8221;center&#8221; header_text_color=&#8221;#193BA0&#8243; body_text_align=&#8221;center&#8221; custom_padding=&#8221;||0px|||&#8221; link_option_url=&#8221;http:\/\/subacua.produccion.gob.ec\/?page_id=319&#8243; link_option_url_new_window=&#8221;on&#8221; border_radii_image=&#8221;on|50px|50px|50px|50px&#8221; global_colors_info=&#8221;{}&#8221;]<\/p>\n<p>Formato, gu\u00edas y requisitos.<\/p>\n<p>[\/et_pb_blurb][\/et_pb_column][et_pb_column type=&#8221;1_4&#8243; _builder_version=&#8221;4.21.0&#8243; _module_preset=&#8221;default&#8221; global_colors_info=&#8221;{}&#8221;][et_pb_blurb title=&#8221;Proyectos&#8221; use_icon=&#8221;on&#8221; font_icon=&#8221;&#xe0f5;||divi||400&#8243; icon_color=&#8221;#FF0000&#8243; image_icon_background_color=&#8221;#FFFFFF&#8221; _builder_version=&#8221;4.21.0&#8243; _module_preset=&#8221;default&#8221; header_font=&#8221;|700|||||||&#8221; header_text_align=&#8221;center&#8221; header_text_color=&#8221;#193BA0&#8243; body_text_align=&#8221;center&#8221; border_radii_image=&#8221;on|50px|50px|50px|50px&#8221; global_colors_info=&#8221;{}&#8221;]<\/p>\n<p>Sitio en construcci\u00f3n<\/p>\n<p>[\/et_pb_blurb][\/et_pb_column][\/et_pb_row][\/et_pb_section][et_pb_section fb_built=&#8221;1&#8243; _builder_version=&#8221;4.21.0&#8243; _module_preset=&#8221;default&#8221; background_image=&#8221;http:\/\/subacua.produccion.gob.ec\/wp-content\/uploads\/2023\/08\/Banner-Sec2-1920&#215;720-1.jpg&#8221; custom_padding=&#8221;||389px|||&#8221; global_colors_info=&#8221;{}&#8221;][et_pb_row _builder_version=&#8221;4.21.0&#8243; _module_preset=&#8221;default&#8221; global_colors_info=&#8221;{}&#8221;][et_pb_column type=&#8221;4_4&#8243; _builder_version=&#8221;4.21.0&#8243; _module_preset=&#8221;default&#8221; global_colors_info=&#8221;{}&#8221;][et_pb_text _builder_version=&#8221;4.21.0&#8243; _module_preset=&#8221;default&#8221; header_2_font=&#8221;|800|||||||&#8221; header_2_text_align=&#8221;center&#8221; header_2_text_color=&#8221;#FFFFFF&#8221; header_2_font_size=&#8221;40px&#8221; custom_padding=&#8221;0px||0px||true|false&#8221; global_colors_info=&#8221;{}&#8221;]<\/p>\n<h2>Productos Acu\u00edcolas<\/h2>\n<p>[\/et_pb_text][et_pb_divider color=&#8221;#FFFFFF&#8221; divider_position=&#8221;center&#8221; divider_weight=&#8221;5px&#8221; _builder_version=&#8221;4.21.0&#8243; _module_preset=&#8221;default&#8221; width=&#8221;5%&#8221; module_alignment=&#8221;center&#8221; custom_padding=&#8221;0px||0px||true|false&#8221; global_colors_info=&#8221;{}&#8221;][\/et_pb_divider][et_pb_text _builder_version=&#8221;4.21.0&#8243; _module_preset=&#8221;default&#8221; text_font=&#8221;|700|||||||&#8221; text_text_color=&#8221;#FFFFFF&#8221; text_font_size=&#8221;18px&#8221; header_2_font=&#8221;|800|||||||&#8221; header_2_text_align=&#8221;center&#8221; header_2_text_color=&#8221;#193BA0&#8243; header_2_font_size=&#8221;40px&#8221; text_orientation=&#8221;center&#8221; width=&#8221;50%&#8221; module_alignment=&#8221;center&#8221; global_colors_info=&#8221;{}&#8221;]<\/p>\n<p>Conoce m\u00e1s acerca de las diferentes especies acu\u00edcolas que se cultivan y comercializan a lo largo del pa\u00eds.<\/p>\n<p>[\/et_pb_text][et_pb_button button_url=&#8221;\/acuacultura\/documentacion\/&#8221; button_text=&#8221;Conocer m\u00e1s&#8221; button_alignment=&#8221;center&#8221; _builder_version=&#8221;4.21.0&#8243; _module_preset=&#8221;default&#8221; custom_button=&#8221;on&#8221; button_text_color=&#8221;#FFFFFF&#8221; button_bg_color=&#8221;#E09900&#8243; button_border_color=&#8221;#E09900&#8243; button_icon=&#8221;&#x24;||divi||400&#8243; button_on_hover=&#8221;off&#8221; global_colors_info=&#8221;{}&#8221;][\/et_pb_button][\/et_pb_column][\/et_pb_row][\/et_pb_section][et_pb_section fb_built=&#8221;1&#8243; _builder_version=&#8221;4.21.0&#8243; _module_preset=&#8221;default&#8221; global_colors_info=&#8221;{}&#8221;][et_pb_row column_structure=&#8221;1_3,1_3,1_3&#8243; make_equal=&#8221;on&#8221; _builder_version=&#8221;4.21.0&#8243; _module_preset=&#8221;default&#8221; custom_margin=&#8221;-261px||||false|false&#8221; global_colors_info=&#8221;{}&#8221;][et_pb_column type=&#8221;1_3&#8243; _builder_version=&#8221;4.21.0&#8243; _module_preset=&#8221;default&#8221; border_width_all=&#8221;1px&#8221; border_color_all=&#8221;#e5e5e5&#8243; global_colors_info=&#8221;{}&#8221;][dnxte_blurb blurb_heading=&#8221;Camar\u00f3n Blanco&#8221; blurb_description=&#8221;<\/p>\n<p>Sitio en construcci\u00f3n<\/p>\n<p>&#8221; dnxt_image=&#8221;http:\/\/subacua.produccion.gob.ec\/wp-content\/uploads\/2023\/08\/Camaron-Blanco-1.jpg&#8221; image_placement=&#8221;top-center&#8221; dnxt_header_padding=&#8221;25px||25px||true|false&#8221; dnxt_body_padding=&#8221;|15px||15px|false|true&#8221; _builder_version=&#8221;4.21.0&#8243; _module_preset=&#8221;default&#8221; dnxt_heading_font=&#8221;|700|||||||&#8221; dnxt_heading_text_align=&#8221;left&#8221; dnxt_heading_text_color=&#8221;#E09900&#8243; dnxt_body_text_align=&#8221;left&#8221; custom_padding=&#8221;||0px|||&#8221; link_option_url=&#8221;\/acuacultura\/normativas\/&#8221; border_color_all_dnxt_body_borders=&#8221;#e5e5e5&#8243; global_colors_info=&#8221;{}&#8221;][\/dnxte_blurb][et_pb_icon font_icon=&#8221;&#x24;||divi||400&#8243; icon_color=&#8221;#E09900&#8243; icon_width=&#8221;60px&#8221; url=&#8221;\/acuacultura\/normativas\/&#8221; align=&#8221;right&#8221; _builder_version=&#8221;4.21.0&#8243; _module_preset=&#8221;default&#8221; global_colors_info=&#8221;{}&#8221;][\/et_pb_icon][\/et_pb_column][et_pb_column type=&#8221;1_3&#8243; _builder_version=&#8221;4.21.0&#8243; _module_preset=&#8221;default&#8221; border_width_all=&#8221;1px&#8221; border_color_all=&#8221;#e5e5e5&#8243; global_colors_info=&#8221;{}&#8221;][dnxte_blurb blurb_heading=&#8221;Producci\u00f3n Acu\u00edcolas Dulces&#8221; blurb_description=&#8221;<\/p>\n<p>Sitio en construcci\u00f3n<\/p>\n<p>&#8221; dnxt_image=&#8221;http:\/\/subacua.produccion.gob.ec\/wp-content\/uploads\/2023\/08\/Alevines-1.jpg&#8221; image_placement=&#8221;top-center&#8221; dnxt_header_padding=&#8221;25px||25px||true|false&#8221; dnxt_body_padding=&#8221;|15px||15px|false|true&#8221; _builder_version=&#8221;4.21.0&#8243; _module_preset=&#8221;default&#8221; dnxt_heading_font=&#8221;|700|||||||&#8221; dnxt_heading_text_align=&#8221;left&#8221; dnxt_heading_text_color=&#8221;#E09900&#8243; dnxt_body_text_align=&#8221;left&#8221; link_option_url=&#8221;\/acuacultura\/normativas\/&#8221; border_color_all_dnxt_body_borders=&#8221;#e5e5e5&#8243; global_colors_info=&#8221;{}&#8221;][\/dnxte_blurb][et_pb_icon font_icon=&#8221;&#x24;||divi||400&#8243; icon_color=&#8221;#E09900&#8243; icon_width=&#8221;60px&#8221; url=&#8221;\/acuacultura\/normativas\/&#8221; align=&#8221;right&#8221; _builder_version=&#8221;4.21.0&#8243; _module_preset=&#8221;default&#8221; global_colors_info=&#8221;{}&#8221;][\/et_pb_icon][\/et_pb_column][et_pb_column type=&#8221;1_3&#8243; _builder_version=&#8221;4.21.0&#8243; _module_preset=&#8221;default&#8221; border_width_all=&#8221;1px&#8221; border_color_all=&#8221;#e5e5e5&#8243; global_colors_info=&#8221;{}&#8221;][dnxte_blurb blurb_heading=&#8221;Moluscos bivalvos&#8221; blurb_description=&#8221;<\/p>\n<p>Sitio en construcci\u00f3n<\/p>\n<p>&#8221; dnxt_image=&#8221;http:\/\/subacua.produccion.gob.ec\/wp-content\/uploads\/2023\/08\/Ostras-1.jpg&#8221; image_placement=&#8221;top-center&#8221; dnxt_header_padding=&#8221;25px||25px||true|false&#8221; dnxt_body_padding=&#8221;|15px||15px|false|true&#8221; _builder_version=&#8221;4.21.0&#8243; _module_preset=&#8221;default&#8221; dnxt_heading_font=&#8221;|700|||||||&#8221; dnxt_heading_text_align=&#8221;left&#8221; dnxt_heading_text_color=&#8221;#E09900&#8243; dnxt_body_text_align=&#8221;left&#8221; link_option_url=&#8221;\/acuacultura\/normativas\/&#8221; border_color_all_dnxt_body_borders=&#8221;#e5e5e5&#8243; global_colors_info=&#8221;{}&#8221;][\/dnxte_blurb][et_pb_icon font_icon=&#8221;&#x24;||divi||400&#8243; icon_color=&#8221;#E09900&#8243; icon_width=&#8221;60px&#8221; url=&#8221;\/acuacultura\/normativas\/&#8221; align=&#8221;right&#8221; _builder_version=&#8221;4.21.0&#8243; _module_preset=&#8221;default&#8221; global_colors_info=&#8221;{}&#8221;][\/et_pb_icon][\/et_pb_column][\/et_pb_row][\/et_pb_section][et_pb_section fb_built=&#8221;1&#8243; _builder_version=&#8221;4.21.0&#8243; _module_preset=&#8221;default&#8221; background_image=&#8221;http:\/\/subacua.produccion.gob.ec\/wp-content\/uploads\/2023\/08\/Banner-Sec2-1920&#215;720-1.jpg&#8221; global_colors_info=&#8221;{}&#8221;][et_pb_row _builder_version=&#8221;4.21.0&#8243; _module_preset=&#8221;default&#8221; global_colors_info=&#8221;{}&#8221;][et_pb_column type=&#8221;4_4&#8243; _builder_version=&#8221;4.21.0&#8243; _module_preset=&#8221;default&#8221; global_colors_info=&#8221;{}&#8221;][et_pb_text _builder_version=&#8221;4.21.0&#8243; _module_preset=&#8221;default&#8221; header_2_font=&#8221;|800|||||||&#8221; header_2_text_align=&#8221;center&#8221; header_2_text_color=&#8221;#FFFFFF&#8221; header_2_font_size=&#8221;40px&#8221; width=&#8221;60%&#8221; module_alignment=&#8221;center&#8221; custom_padding=&#8221;0px||0px||true|false&#8221; global_colors_info=&#8221;{}&#8221;]<\/p>\n<h2>Visita las Estaciones de Producci\u00f3n Acu\u00edcola<\/h2>\n<p>[\/et_pb_text][et_pb_divider color=&#8221;#FFFFFF&#8221; divider_position=&#8221;center&#8221; divider_weight=&#8221;5px&#8221; _builder_version=&#8221;4.21.0&#8243; _module_preset=&#8221;default&#8221; width=&#8221;5%&#8221; module_alignment=&#8221;center&#8221; custom_padding=&#8221;0px||0px||true|false&#8221; global_colors_info=&#8221;{}&#8221;][\/et_pb_divider][et_pb_text _builder_version=&#8221;4.21.0&#8243; _module_preset=&#8221;default&#8221; text_font=&#8221;|700|||||||&#8221; text_text_color=&#8221;#FFFFFF&#8221; text_font_size=&#8221;18px&#8221; header_2_font=&#8221;|800|||||||&#8221; header_2_text_align=&#8221;center&#8221; header_2_text_color=&#8221;#193BA0&#8243; header_2_font_size=&#8221;40px&#8221; text_orientation=&#8221;center&#8221; width=&#8221;60%&#8221; module_alignment=&#8221;center&#8221; global_colors_info=&#8221;{}&#8221;]<\/p>\n<p>Ubicados en Babahoyo, Machala, Cuenca y Napo, los Centros de Investigaci\u00f3n Acu\u00edcola ofrecen sus instalaciones para la vista de las empresas p\u00fablicas o privadas.<\/p>\n<p>[\/et_pb_text][et_pb_button button_url=&#8221;\/acuacultura\/estaciones-de-produccion-acuicola\/&#8221; button_text=&#8221;Conocer m\u00e1s&#8221; button_alignment=&#8221;center&#8221; _builder_version=&#8221;4.21.0&#8243; _module_preset=&#8221;default&#8221; custom_button=&#8221;on&#8221; button_text_color=&#8221;#FFFFFF&#8221; button_bg_color=&#8221;#E09900&#8243; button_border_color=&#8221;#E09900&#8243; button_icon=&#8221;&#x24;||divi||400&#8243; button_on_hover=&#8221;off&#8221; global_colors_info=&#8221;{}&#8221;][\/et_pb_button][\/et_pb_column][\/et_pb_row][\/et_pb_section][et_pb_section fb_built=&#8221;1&#8243; _builder_version=&#8221;4.21.0&#8243; _module_preset=&#8221;default&#8221; global_colors_info=&#8221;{}&#8221;][et_pb_row _builder_version=&#8221;4.21.0&#8243; _module_preset=&#8221;default&#8221; global_colors_info=&#8221;{}&#8221;][et_pb_column type=&#8221;4_4&#8243; _builder_version=&#8221;4.21.0&#8243; _module_preset=&#8221;default&#8221; global_colors_info=&#8221;{}&#8221;][et_pb_text _builder_version=&#8221;4.21.0&#8243; _module_preset=&#8221;default&#8221; header_2_font=&#8221;|700|||||||&#8221; header_2_text_color=&#8221;#193BA0&#8243; header_2_font_size=&#8221;40px&#8221; global_colors_info=&#8221;{}&#8221;]<\/p>\n<h2>Noticias<\/h2>\n<p>[\/et_pb_text][\/et_pb_column][\/et_pb_row][et_pb_row _builder_version=&#8221;4.21.0&#8243; _module_preset=&#8221;default&#8221; global_colors_info=&#8221;{}&#8221;][et_pb_column type=&#8221;4_4&#8243; _builder_version=&#8221;4.21.0&#8243; _module_preset=&#8221;default&#8221; global_colors_info=&#8221;{}&#8221;][et_pb_blog fullwidth=&#8221;off&#8221; posts_number=&#8221;3&#8243; include_categories=&#8221;10&#8243; show_more=&#8221;on&#8221; show_author=&#8221;off&#8221; show_categories=&#8221;off&#8221; use_overlay=&#8221;on&#8221; _builder_version=&#8221;4.25.0&#8243; _module_preset=&#8221;default&#8221; header_font=&#8221;|700|||||||&#8221; header_text_color=&#8221;#E09900&#8243; meta_text_color=&#8221;#E09900&#8243; read_more_font=&#8221;|600|||||||&#8221; read_more_text_color=&#8221;#E09900&#8243; pagination_text_color=&#8221;#E09900&#8243; hover_enabled=&#8221;0&#8243; global_colors_info=&#8221;{}&#8221; sticky_enabled=&#8221;0&#8243;][\/et_pb_blog][\/et_pb_column][\/et_pb_row][\/et_pb_section]<\/p>\n","protected":false},"excerpt":{"rendered":"<p>Documentaci\u00f3n de Inter\u00e9sTr\u00e1mites y procesos de acceso r\u00e1pido para su conveniencia.Actividades acu\u00edcolasPol\u00edticas, estrategias y normativas t\u00e9cnicas para el ordenamiento y desarrollo de la actividad acu\u00edcola, en todas sus fases y sus actividades conexasFormato, gu\u00edas y requisitos.Sitio en construcci\u00f3nProductos Acu\u00edcolasConoce m\u00e1s acerca de las diferentes especies acu\u00edcolas que se cultivan y comercializan a lo largo del [&hellip;]<\/p>\n","protected":false},"author":1,"featured_media":84,"parent":0,"menu_order":0,"comment_status":"closed","ping_status":"closed","template":"","meta":{"_et_pb_use_builder":"on","_et_pb_old_content":"","_et_gb_content_width":""},"_links":{"self":[{"href":"http:\/\/subacua.produccion.gob.ec\/index.php?rest_route=\/wp\/v2\/pages\/9"}],"collection":[{"href":"http:\/\/subacua.produccion.gob.ec\/index.php?rest_route=\/wp\/v2\/pages"}],"about":[{"href":"http:\/\/subacua.produccion.gob.ec\/index.php?rest_route=\/wp\/v2\/types\/page"}],"author":[{"embeddable":true,"href":"http:\/\/subacua.produccion.gob.ec\/index.php?rest_route=\/wp\/v2\/users\/1"}],"replies":[{"embeddable":true,"href":"http:\/\/subacua.produccion.gob.ec\/index.php?rest_route=%2Fwp%2Fv2%2Fcomments&post=9"}],"version-history":[{"count":16,"href":"http:\/\/subacua.produccion.gob.ec\/index.php?rest_route=\/wp\/v2\/pages\/9\/revisions"}],"predecessor-version":[{"id":341,"href":"http:\/\/subacua.produccion.gob.ec\/index.php?rest_route=\/wp\/v2\/pages\/9\/revisions\/341"}],"wp:featuredmedia":[{"embeddable":true,"href":"http:\/\/subacua.produccion.gob.ec\/index.php?rest_route=\/wp\/v2\/media\/84"}],"wp:attachment":[{"href":"http:\/\/subacua.produccion.gob.ec\/index.php?rest_route=%2Fwp%2Fv2%2Fmedia&parent=9"}],"curies":[{"name":"wp","href":"https:\/\/api.w.org\/{rel}","templated":true}]}}